{"id":118420,"date":"2026-03-26T16:01:43","date_gmt":"2026-03-26T15:01:43","guid":{"rendered":"https:\/\/www.reerlighting.com\/?page_id=118420"},"modified":"2026-04-07T16:24:00","modified_gmt":"2026-04-07T14:24:00","slug":"calcolatore-di-illuminamento","status":"publish","type":"page","link":"https:\/\/www.reerlighting.com\/it\/calcolatore-di-illuminamento\/","title":{"rendered":"Calcolatore di illuminamento"},"content":{"rendered":"\n\t<section class=\"section\" id=\"section_573199844\">\n\t\t<div class=\"bg section-bg fill bg-fill  bg-loaded\" >\n\n\t\t\t\n\t\t\t\n\t\t\t\n\n\t\t<\/div>\n\n\t\t<div class=\"section-content relative\">\n\t\t\t\n\n<div class=\"row\"  id=\"row-313133710\">\n\n\n\t<div id=\"col-705739867\" class=\"col small-12 large-12\"  >\n\t\t<div class=\"col-inner text-center\"  >\n\t\t\t\n\t\t\t\n\n\t<div id=\"text-1078366774\" class=\"text\">\n\t\t\n\n<h2>Calcolatore semplificato di illuminamento<\/h2>\n\t\t\n<style>\n#text-1078366774 {\n  text-align: center;\n}\n<\/style>\n\t<\/div>\n\t\n\n\t\t<\/div>\n\t\t\t<\/div>\n\n\t\n\n<\/div>\n<div class=\"row align-center\"  id=\"row-1695213775\">\n\n\n\t<div id=\"col-819357398\" class=\"col pb-0 small-12 large-12\"  >\n\t\t<div class=\"col-inner\"  >\n\t\t\t\n\t\t\t\n\n\t<div id=\"text-360201957\" class=\"text\">\n\t\t\n\n<p>Trovare la giusta illuminazione per un ambiente non deve essere per forza un processo lungo o riservato solo agli addetti ai lavori. <br \/>Che tu stia pianificando la luce per un ufficio, un negozio o un&#8217;area di casa, sapere esattamente quanti apparecchi servono \u2014 e soprattutto <b data-path-to-node=\"4\" data-index-in-node=\"271\">come disporli <\/b>\u2014 \u00e8 il segreto per ottenere un risultato confortevole ed evitare zone buie.<\/p>\n\t\t\n<style>\n#text-360201957 {\n  text-align: left;\n}\n<\/style>\n\t<\/div>\n\t\n\n\t\t<\/div>\n\t\t\t<\/div>\n\n\t\n\n<\/div>\n\n\t\t<\/div>\n\n\t\t\n<style>\n#section_573199844 {\n  padding-top: 30px;\n  padding-bottom: 30px;\n}\n<\/style>\n\t<\/section>\n\t\n\t<section class=\"section\" id=\"section_468923516\">\n\t\t<div class=\"bg section-bg fill bg-fill  bg-loaded\" >\n\n\t\t\t\n\t\t\t\n\t\t\t\n\n\t\t<\/div>\n\n\t\t<div class=\"section-content relative\">\n\t\t\t\n\n<div class=\"row\"  id=\"row-482253407\">\n\n\n\t<div id=\"col-268406955\" class=\"col pb-0 medium-6 small-12 large-6\"  >\n\t\t<div class=\"col-inner\"  >\n\t\t\t\n\t\t\t\n\n<p data-path-to-node=\"5\">Abbiamo sviluppato questo calcolatore per offrirti una stima rapida e affidabile, senza dover utilizzare complessi software di simulazione. Inserendo le dimensioni della stanza e i dati tecnici del prodotto, otterrai subito due indicatori fondamentali per il tuo progetto:<\/p>\n<ul data-path-to-node=\"6\">\n<li>\n<p data-path-to-node=\"6,0,0\"><b data-path-to-node=\"6,0,0\" data-index-in-node=\"0\">Illuminamento Medio (Lux):<\/b> Ti indica se la quantit\u00e0 di luce generale \u00e8 sufficiente per l&#8217;uso che farai della stanza (es. <strong>500 lux<\/strong> sono ideali per lavorare, <strong>150 lux<\/strong> bastano per una zona di passaggio).<\/p>\n<\/li>\n<li>\n<p data-path-to-node=\"6,2,0\"><b data-path-to-node=\"6,2,0\" data-index-in-node=\"0\">Uniformit\u00e0 (U0):<\/b> \u00c8 il parametro che fa la differenza tra un buon progetto e uno scadente. Scegliendo la disposizione esatta dei tuoi apparecchi (ad esempio a griglia 2&#215;2 o in linea 4&#215;1), il calcolatore incrocia l&#8217;apertura dei fasci luminosi per dirti se la luce sar\u00e0 omogenea su tutta la superficie.<\/p>\n<\/li>\n<\/ul>\n<p data-path-to-node=\"6,2,0\"><b data-path-to-node=\"7\" data-index-in-node=\"0\">Come si usa?<\/b> <br \/>Tieni sottomano la scheda tecnica del corpo illuminante che vuoi installare. Ti serviranno due dati chiave: i <b data-path-to-node=\"7\" data-index-in-node=\"123\">Lumen <\/b>e\u00a0l&#8217;apertura del <b data-path-to-node=\"7\" data-index-in-node=\"145\">Fascio in gradi<\/b>.<\/p>\n<p>Inseriscili insieme alle misure della stanza e gioca con le quantit\u00e0 finch\u00e9 l&#8217;indicatore dell&#8217;Uniformit\u00e0 non supera la soglia critica di 0,40.<\/p>\n\n\t\t<\/div>\n\t\t\t<\/div>\n\n\t\n\n\t<div id=\"col-1438729826\" class=\"col pb-0 medium-6 small-12 large-6\"  >\n\t\t<div class=\"col-inner\"  >\n\t\t\t\n\t\t\t\n\n\t<div class=\"img has-hover x md-x lg-x y md-y lg-y\" id=\"image_1534944684\">\n\t\t\t\t\t\t\t\t<div class=\"img-inner image-cover dark\" style=\"padding-top:56.25%;\">\n\t\t\t<img loading=\"lazy\" decoding=\"async\" width=\"642\" height=\"362\" src=\"https:\/\/www.reerlighting.com\/wp-content\/uploads\/2026\/03\/Tavola-disegno-1-copia-2.jpg\" class=\"attachment-original size-original\" alt=\"\" srcset=\"https:\/\/www.reerlighting.com\/wp-content\/uploads\/2026\/03\/Tavola-disegno-1-copia-2.jpg 642w, https:\/\/www.reerlighting.com\/wp-content\/uploads\/2026\/03\/Tavola-disegno-1-copia-2-300x169.jpg 300w, https:\/\/www.reerlighting.com\/wp-content\/uploads\/2026\/03\/Tavola-disegno-1-copia-2-500x282.jpg 500w\" sizes=\"auto, (max-width: 642px) 100vw, 642px\" \/>\t\t\t\t\t\t\n\t\t\t\t\t<\/div>\n\t\t\t\t\t\t\t\t\n<style>\n#image_1534944684 {\n  width: 100%;\n}\n<\/style>\n\t<\/div>\n\t\n\n\t<div id=\"text-3395124543\" class=\"text hidden\">\n\t\t\n\n<h3 style=\"text-align: center;\"><strong>Calcolatore per stanza con quantit\u00e0 apparecchi<\/strong><\/h3>\n\t\t\t<\/div>\n\t\n\n\t\t<\/div>\n\t\t\t<\/div>\n\n\t\n\n\n<\/div>\n\t<div id=\"gap-742319677\" class=\"gap-element clearfix\" style=\"display:block; height:auto;\">\n\t\t\n<style>\n#gap-742319677 {\n  padding-top: 70px;\n}\n<\/style>\n\t<\/div>\n\t\n\n\n\t\t<\/div>\n\n\t\t\n<style>\n#section_468923516 {\n  padding-top: 0px;\n  padding-bottom: 0px;\n  min-height: 80px;\n}\n<\/style>\n\t<\/section>\n\t\n\t<section class=\"section\" id=\"section_146593855\">\n\t\t<div class=\"bg section-bg fill bg-fill  bg-loaded\" >\n\n\t\t\t\n\t\t\t\n\t\t\t\n\n\t\t<\/div>\n\n\t\t<div class=\"section-content relative\">\n\t\t\t\n\n<div class=\"row\"  id=\"row-1074070016\">\n\n\n\t<div id=\"col-781999991\" class=\"col pb-0 small-12 large-12\"  >\n\t\t<div class=\"col-inner\"  >\n\t\t\t\n\t\t\t\n\n\t<div id=\"text-3279217138\" class=\"text\">\n\t\t\n\n<h3>Esempio dati di un prodotto<\/h3>\n\t\t\n<style>\n#text-3279217138 {\n  text-align: left;\n}\n<\/style>\n\t<\/div>\n\t\n\n\t\t<\/div>\n\t\t\t<\/div>\n\n\t\n\n<\/div>\n<div class=\"row\"  id=\"row-437339776\">\n\n\n\t<div id=\"col-1261898274\" class=\"col pb-0 medium-6 small-12 large-6\"  >\n\t\t<div class=\"col-inner\"  >\n\t\t\t\n\t\t\t\n\n<p data-path-to-node=\"5\">Dove trovare il <strong>flusso<\/strong> (<strong>lm<\/strong>)?<\/p>\n<p data-path-to-node=\"5\">nell&#8217;esempio: <strong>3600 lumen<\/strong><\/p>\n\t<div class=\"img has-hover x md-x lg-x y md-y lg-y\" id=\"image_547708817\">\n\t\t\t\t\t\t\t\t<div class=\"img-inner image-zoom image-cover dark\" style=\"padding-top:50%;\">\n\t\t\t<img loading=\"lazy\" decoding=\"async\" width=\"1000\" height=\"650\" src=\"https:\/\/www.reerlighting.com\/wp-content\/uploads\/2026\/03\/FLUSSO-SCHEDA-TECNICA-e1774600979963.jpg\" class=\"attachment-large size-large\" alt=\"\" srcset=\"https:\/\/www.reerlighting.com\/wp-content\/uploads\/2026\/03\/FLUSSO-SCHEDA-TECNICA-e1774600979963.jpg 1000w, https:\/\/www.reerlighting.com\/wp-content\/uploads\/2026\/03\/FLUSSO-SCHEDA-TECNICA-e1774600979963-300x195.jpg 300w, https:\/\/www.reerlighting.com\/wp-content\/uploads\/2026\/03\/FLUSSO-SCHEDA-TECNICA-e1774600979963-768x499.jpg 768w, https:\/\/www.reerlighting.com\/wp-content\/uploads\/2026\/03\/FLUSSO-SCHEDA-TECNICA-e1774600979963-500x325.jpg 500w\" sizes=\"auto, (max-width: 1000px) 100vw, 1000px\" \/>\t\t\t\t\t\t\n\t\t\t\t\t<\/div>\n\t\t\t\t\t\t\t\t\n<style>\n#image_547708817 {\n  width: 100%;\n}\n<\/style>\n\t<\/div>\n\t\n\n\n\t\t<\/div>\n\t\t\t<\/div>\n\n\t\n\n\t<div id=\"col-1634090649\" class=\"col pb-0 medium-6 small-12 large-6\"  >\n\t\t<div class=\"col-inner\"  >\n\t\t\t\n\t\t\t\n\n<p data-path-to-node=\"5\">Dove trovare l&#8217;apertura del <strong>fascio<\/strong> <strong>(\u00b0) <\/strong>?<\/p>\n<p data-path-to-node=\"5\">nell&#8217;esempio: fascio da <strong>90\u00b0<\/strong><\/p>\n\t<div class=\"img has-hover x md-x lg-x y md-y lg-y\" id=\"image_107258192\">\n\t\t\t\t\t\t\t\t<div class=\"img-inner image-zoom image-cover dark\" style=\"padding-top:50%;\">\n\t\t\t<img loading=\"lazy\" decoding=\"async\" width=\"1000\" height=\"650\" src=\"https:\/\/www.reerlighting.com\/wp-content\/uploads\/2026\/03\/GRADI-FASCIO-SCHEDA-TECNICA-e1774601120112.jpg\" class=\"attachment-large size-large\" alt=\"\" srcset=\"https:\/\/www.reerlighting.com\/wp-content\/uploads\/2026\/03\/GRADI-FASCIO-SCHEDA-TECNICA-e1774601120112.jpg 1000w, https:\/\/www.reerlighting.com\/wp-content\/uploads\/2026\/03\/GRADI-FASCIO-SCHEDA-TECNICA-e1774601120112-300x195.jpg 300w, https:\/\/www.reerlighting.com\/wp-content\/uploads\/2026\/03\/GRADI-FASCIO-SCHEDA-TECNICA-e1774601120112-768x499.jpg 768w, https:\/\/www.reerlighting.com\/wp-content\/uploads\/2026\/03\/GRADI-FASCIO-SCHEDA-TECNICA-e1774601120112-500x325.jpg 500w\" sizes=\"auto, (max-width: 1000px) 100vw, 1000px\" \/>\t\t\t\t\t\t\n\t\t\t\t\t<\/div>\n\t\t\t\t\t\t\t\t\n<style>\n#image_107258192 {\n  width: 100%;\n}\n<\/style>\n\t<\/div>\n\t\n\n\n\t\t<\/div>\n\t\t\t<\/div>\n\n\t\n\n\n<\/div>\n\n\t\t<\/div>\n\n\t\t\n<style>\n#section_146593855 {\n  padding-top: 0px;\n  padding-bottom: 0px;\n  min-height: 80px;\n}\n<\/style>\n\t<\/section>\n\t\n\t<div id=\"gap-1640245970\" class=\"gap-element clearfix\" style=\"display:block; height:auto;\">\n\t\t\n<style>\n#gap-1640245970 {\n  padding-top: 70px;\n}\n<\/style>\n\t<\/div>\n\t\n\n\t<section class=\"section\" id=\"section_1730045131\">\n\t\t<div class=\"bg section-bg fill bg-fill  bg-loaded\" >\n\n\t\t\t\n\t\t\t\n\t\t\t\n\n\t\t<\/div>\n\n\t\t<div class=\"section-content relative\">\n\t\t\t\n\n<div class=\"text-center\"><div class=\"is-divider divider clearfix\" style=\"max-width:1000px;\"><\/div><\/div>\n\n\t<div id=\"gap-1167523484\" class=\"gap-element clearfix\" style=\"display:block; height:auto;\">\n\t\t\n<style>\n#gap-1167523484 {\n  padding-top: 70px;\n}\n<\/style>\n\t<\/div>\n\t\n\n<div class=\"row align-center\"  id=\"row-1247345091\">\n\n\n\t<div id=\"col-523901550\" class=\"col pb-0 medium-6 small-12 large-6\"  >\n\t\t<div class=\"col-inner\"  >\n\t\t\t\n\t\t\t\n\n\t<div id=\"text-4239521114\" class=\"text\">\n\t\t\n\n<h3 style=\"text-align: center;\">In base ai LUX desiderati<\/h3>\n\t\t\n<style>\n#text-4239521114 {\n  text-align: left;\n}\n<\/style>\n\t<\/div>\n\t\n<div class=\"row\"  id=\"row-1509657778\">\n\n\n\t<div id=\"col-305280524\" class=\"col small-12 large-12\"  >\n\t\t<div class=\"col-inner\"  >\n\t\t\t\n\t\t\t\n\n\t<div id=\"text-3899759657\" class=\"text\">\n\t\t\n\n<p><iframe id=\"lineo-iframe\" style=\"width: 100%; height: 1200px; border: none; overflow: hidden; transition: height 0.4s ease;\" src=\"https:\/\/www.reerlighting.com\/reerlighting-assets\/tools\/CALCOLATORE CON LUX TARGET.html\"><\/iframe><\/p>\n\t\t\n<style>\n#text-3899759657 {\n  text-align: center;\n}\n<\/style>\n\t<\/div>\n\t\n\n\t\t<\/div>\n\t\t\t<\/div>\n\n\t\n\n<\/div>\n\n\t\t<\/div>\n\t\t\t<\/div>\n\n\t\n\n\t<div id=\"col-2145473421\" class=\"col pb-0 medium-6 small-12 large-6\"  >\n\t\t<div class=\"col-inner\"  >\n\t\t\t\n\t\t\t\n\n\t<div id=\"text-3674100322\" class=\"text\">\n\t\t\n\n<h3 style=\"text-align: center;\">In base al numero di apparecchi<\/h3>\n\t\t\n<style>\n#text-3674100322 {\n  text-align: left;\n}\n<\/style>\n\t<\/div>\n\t\n<div class=\"row\"  id=\"row-1627293396\">\n\n\n\t<div id=\"col-1786808086\" class=\"col small-12 large-12\"  >\n\t\t<div class=\"col-inner\"  >\n\t\t\t\n\t\t\t\n\n\t<div id=\"text-1788278330\" class=\"text\">\n\t\t\n\n<p><iframe id=\"lineo-iframe\" style=\"width: 100%; height: 1200px; border: none; overflow: hidden; transition: height 0.4s ease;\" src=\"https:\/\/www.reerlighting.com\/reerlighting-assets\/tools\/CALCOLATORE LUX PRO CON LAYTOUT E RIFLESSIONI.html\"><\/iframe><\/p>\n\t\t\n<style>\n#text-1788278330 {\n  text-align: center;\n}\n<\/style>\n\t<\/div>\n\t\n\n\t\t<\/div>\n\t\t\t<\/div>\n\n\t\n\n<\/div>\n\n\t\t<\/div>\n\t\t\t<\/div>\n\n\t\n\n<\/div>\n\n\t\t<\/div>\n\n\t\t\n<style>\n#section_1730045131 {\n  padding-top: 0px;\n  padding-bottom: 0px;\n  min-height: 80px;\n}\n<\/style>\n\t<\/section>\n\t\n\n","protected":false},"excerpt":{"rendered":"","protected":false},"author":10706,"featured_media":0,"parent":0,"menu_order":0,"comment_status":"closed","ping_status":"closed","template":"page-blank.php","meta":{"inline_featured_image":false,"footnotes":""},"class_list":["post-118420","page","type-page","status-publish","hentry"],"acf":[],"yoast_head":"<!-- This site is optimized with the Yoast SEO plugin v22.4 - https:\/\/yoast.com\/wordpress\/plugins\/seo\/ -->\n<title>ReeR Lighting - Calcolatore di illuminamento<\/title>\n<meta name=\"robots\" content=\"index, follow, max-snippet:-1, max-image-preview:large, max-video-preview:-1\" \/>\n<link rel=\"canonical\" href=\"https:\/\/www.reerlighting.com\/it\/calcolatore-di-illuminamento\/\" \/>\n<meta property=\"og:locale\" content=\"it_IT\" \/>\n<meta property=\"og:type\" content=\"article\" \/>\n<meta property=\"og:title\" content=\"ReeR Lighting - Calcolatore di illuminamento\" \/>\n<meta property=\"og:url\" content=\"https:\/\/www.reerlighting.com\/it\/calcolatore-di-illuminamento\/\" \/>\n<meta property=\"og:site_name\" content=\"ReeR Lighting\" \/>\n<meta property=\"article:modified_time\" content=\"2026-04-07T14:24:00+00:00\" \/>\n<meta name=\"twitter:card\" content=\"summary_large_image\" \/>\n<script type=\"application\/ld+json\" class=\"yoast-schema-graph\">{\"@context\":\"https:\/\/schema.org\",\"@graph\":[{\"@type\":\"WebPage\",\"@id\":\"https:\/\/www.reerlighting.com\/it\/calcolatore-di-illuminamento\/\",\"url\":\"https:\/\/www.reerlighting.com\/it\/calcolatore-di-illuminamento\/\",\"name\":\"ReeR Lighting - Calcolatore di illuminamento\",\"isPartOf\":{\"@id\":\"https:\/\/www.reerlighting.com\/it\/#website\"},\"datePublished\":\"2026-03-26T15:01:43+00:00\",\"dateModified\":\"2026-04-07T14:24:00+00:00\",\"breadcrumb\":{\"@id\":\"https:\/\/www.reerlighting.com\/it\/calcolatore-di-illuminamento\/#breadcrumb\"},\"inLanguage\":\"it-IT\",\"potentialAction\":[{\"@type\":\"ReadAction\",\"target\":[\"https:\/\/www.reerlighting.com\/it\/calcolatore-di-illuminamento\/\"]}]},{\"@type\":\"BreadcrumbList\",\"@id\":\"https:\/\/www.reerlighting.com\/it\/calcolatore-di-illuminamento\/#breadcrumb\",\"itemListElement\":[{\"@type\":\"ListItem\",\"position\":1,\"name\":\"Reer Lighting\",\"item\":\"https:\/\/www.reerlighting.com\/it\/\"},{\"@type\":\"ListItem\",\"position\":2,\"name\":\"Calcolatore di illuminamento\"}]},{\"@type\":\"WebSite\",\"@id\":\"https:\/\/www.reerlighting.com\/it\/#website\",\"url\":\"https:\/\/www.reerlighting.com\/it\/\",\"name\":\"ReeR\",\"description\":\"\",\"potentialAction\":[{\"@type\":\"SearchAction\",\"target\":{\"@type\":\"EntryPoint\",\"urlTemplate\":\"https:\/\/www.reerlighting.com\/it\/?s={search_term_string}\"},\"query-input\":\"required name=search_term_string\"}],\"inLanguage\":\"it-IT\"}]}<\/script>\n<!-- \/ Yoast SEO plugin. -->","yoast_head_json":{"title":"ReeR Lighting - Calcolatore di illuminamento","robots":{"index":"index","follow":"follow","max-snippet":"max-snippet:-1","max-image-preview":"max-image-preview:large","max-video-preview":"max-video-preview:-1"},"canonical":"https:\/\/www.reerlighting.com\/it\/calcolatore-di-illuminamento\/","og_locale":"it_IT","og_type":"article","og_title":"ReeR Lighting - Calcolatore di illuminamento","og_url":"https:\/\/www.reerlighting.com\/it\/calcolatore-di-illuminamento\/","og_site_name":"ReeR Lighting","article_modified_time":"2026-04-07T14:24:00+00:00","twitter_card":"summary_large_image","schema":{"@context":"https:\/\/schema.org","@graph":[{"@type":"WebPage","@id":"https:\/\/www.reerlighting.com\/it\/calcolatore-di-illuminamento\/","url":"https:\/\/www.reerlighting.com\/it\/calcolatore-di-illuminamento\/","name":"ReeR Lighting - Calcolatore di illuminamento","isPartOf":{"@id":"https:\/\/www.reerlighting.com\/it\/#website"},"datePublished":"2026-03-26T15:01:43+00:00","dateModified":"2026-04-07T14:24:00+00:00","breadcrumb":{"@id":"https:\/\/www.reerlighting.com\/it\/calcolatore-di-illuminamento\/#breadcrumb"},"inLanguage":"it-IT","potentialAction":[{"@type":"ReadAction","target":["https:\/\/www.reerlighting.com\/it\/calcolatore-di-illuminamento\/"]}]},{"@type":"BreadcrumbList","@id":"https:\/\/www.reerlighting.com\/it\/calcolatore-di-illuminamento\/#breadcrumb","itemListElement":[{"@type":"ListItem","position":1,"name":"Reer Lighting","item":"https:\/\/www.reerlighting.com\/it\/"},{"@type":"ListItem","position":2,"name":"Calcolatore di illuminamento"}]},{"@type":"WebSite","@id":"https:\/\/www.reerlighting.com\/it\/#website","url":"https:\/\/www.reerlighting.com\/it\/","name":"ReeR","description":"","potentialAction":[{"@type":"SearchAction","target":{"@type":"EntryPoint","urlTemplate":"https:\/\/www.reerlighting.com\/it\/?s={search_term_string}"},"query-input":"required name=search_term_string"}],"inLanguage":"it-IT"}]}},"_links":{"self":[{"href":"https:\/\/www.reerlighting.com\/it\/wp-json\/wp\/v2\/pages\/118420","targetHints":{"allow":["GET"]}}],"collection":[{"href":"https:\/\/www.reerlighting.com\/it\/wp-json\/wp\/v2\/pages"}],"about":[{"href":"https:\/\/www.reerlighting.com\/it\/wp-json\/wp\/v2\/types\/page"}],"author":[{"embeddable":true,"href":"https:\/\/www.reerlighting.com\/it\/wp-json\/wp\/v2\/users\/10706"}],"replies":[{"embeddable":true,"href":"https:\/\/www.reerlighting.com\/it\/wp-json\/wp\/v2\/comments?post=118420"}],"version-history":[{"count":30,"href":"https:\/\/www.reerlighting.com\/it\/wp-json\/wp\/v2\/pages\/118420\/revisions"}],"predecessor-version":[{"id":118485,"href":"https:\/\/www.reerlighting.com\/it\/wp-json\/wp\/v2\/pages\/118420\/revisions\/118485"}],"wp:attachment":[{"href":"https:\/\/www.reerlighting.com\/it\/wp-json\/wp\/v2\/media?parent=118420"}],"curies":[{"name":"wp","href":"https:\/\/api.w.org\/{rel}","templated":true}]}}